{"id":20,"date":"2021-01-29T00:00:00","date_gmt":"2021-01-28T23:00:00","guid":{"rendered":"https:\/\/nettbutikk.kreftforeningen.no\/stottespiller\/?page_id=20"},"modified":"2021-02-09T15:19:54","modified_gmt":"2021-02-09T14:19:54","slug":"retningslinjer-for-bruk-av-stottespilleremblem-2021","status":"publish","type":"page","link":"https:\/\/nettbutikk.kreftforeningen.no\/stottespiller\/retningslinjer-for-bruk-av-stottespilleremblem-2021\/","title":{"rendered":"Retningslinjer for bruk av st\u00f8ttespillerlogo 2021"},"content":{"rendered":"\n<p>Kreftforeningen er en frivillig organisasjon som baserer sitt arbeid p\u00e5 gaver og innsamlede midler. Vi setter stor pris p\u00e5 det initiativet dere har vist. Kreftforeningens logo og ordmerket \u00abKreftforeningen\u00bb er varemerkeregistret og eies av Kreftforeningen. Dette gjelder ogs\u00e5 andre logoer tilknyttet Kreftforeningen. V\u00e5rt omd\u00f8mme er den viktigste verdien vi har n\u00e5r vi ber om st\u00f8tte. Det f\u00f8lger derfor et ansvar for ikke \u00e5 skade v\u00e5rt omd\u00f8mme n\u00e5r dere n\u00e5 f\u00e5r tilgang til \u00e5 bruke v\u00e5r logo. Derfor har vi laget noen enkle retningslinjer for bruk av logoen.<\/p>\n\n\n\n<p>Tusen takk for innsatsen og initiativet!<\/p>\n\n\n\n<ul class=\"wp-block-list\"><li>Bruk av logoen i andre sammenhenger eller med andre produkter \/ prosjekter er ikke tillatt.<\/li><li>Denne logoen skal synliggj\u00f8re deres innsats for Kreftforeningen\/Krafttak mot kreft. V\u00e6r derfor forsiktig med tekst og lignende i forbindelse med logoen; pass p\u00e5 at det er dere som blir oppfattet som avsender av budskapet, og ikke Kreftforeningen.<\/li><li>Enkeltelementer fra logoen kan ikke tas ut\/logoen kan ikke splittes opp \u2013 det skal kun brukes i sin helhet.<\/li><li>Utforming og farger skal ikke endres.<\/li><li>Vi anbefaler at logoen legges p\u00e5 en n\u00f8ytral eller ensfarget bakgrunn. Dette kun ut fra et estetisk synspunkt.<\/li><\/ul>\n","protected":false},"excerpt":{"rendered":"<p>Kreftforeningen er en frivillig organisasjon som baserer sitt arbeid p\u00e5 gaver og innsamlede midler. Vi setter stor pris p\u00e5 det initiativet dere har vist. Kreftforeningens logo og ordmerket \u00abKreftforeningen\u00bb er varemerkeregistret og eies av Kreftforeningen. Dette gjelder ogs\u00e5 andre logoer tilknyttet Kreftforeningen. V\u00e5rt omd\u00f8mme er den viktigste verdien vi har n\u00e5r vi ber om st\u00f8tte. [&hellip;]<\/p>\n","protected":false},"author":118,"featured_media":0,"parent":0,"menu_order":0,"comment_status":"closed","ping_status":"closed","template":"","meta":{"footnotes":""},"class_list":["post-20","page","type-page","status-publish","hentry"],"yoast_head":"<!-- This site is optimized with the Yoast SEO Premium plugin v26.5 (Yoast SEO v26.5) - https:\/\/yoast.com\/wordpress\/plugins\/seo\/ -->\n<title>Retningslinjer for bruk av st\u00f8ttespillerlogo 2021 - Bli forskningsfadder for Kreftforeningen<\/title>\n<meta name=\"robots\" content=\"index, follow, max-snippet:-1, max-image-preview:large, max-video-preview:-1\" \/>\n<link rel=\"canonical\" href=\"https:\/\/nettbutikk.kreftforeningen.no\/stottespiller\/retningslinjer-for-bruk-av-stottespilleremblem-2021\/\" \/>\n<meta property=\"og:locale\" content=\"nb_NO\" \/>\n<meta property=\"og:type\" content=\"article\" \/>\n<meta property=\"og:title\" content=\"Retningslinjer for bruk av st\u00f8ttespillerlogo 2021\" \/>\n<meta property=\"og:description\" content=\"Kreftforeningen er en frivillig organisasjon som baserer sitt arbeid p\u00e5 gaver og innsamlede midler. Vi setter stor pris p\u00e5 det initiativet dere har vist. Kreftforeningens logo og ordmerket \u00abKreftforeningen\u00bb er varemerkeregistret og eies av Kreftforeningen. Dette gjelder ogs\u00e5 andre logoer tilknyttet Kreftforeningen. V\u00e5rt omd\u00f8mme er den viktigste verdien vi har n\u00e5r vi ber om st\u00f8tte. [&hellip;]\" \/>\n<meta property=\"og:url\" content=\"https:\/\/nettbutikk.kreftforeningen.no\/stottespiller\/retningslinjer-for-bruk-av-stottespilleremblem-2021\/\" \/>\n<meta property=\"og:site_name\" content=\"Bli forskningsfadder for Kreftforeningen\" \/>\n<meta property=\"article:modified_time\" content=\"2021-02-09T14:19:54+00:00\" \/>\n<meta name=\"twitter:card\" content=\"summary_large_image\" \/>\n<meta name=\"twitter:label1\" content=\"Ansl. lesetid\" \/>\n\t<meta name=\"twitter:data1\" content=\"1 minutt\" \/>\n<script type=\"application\/ld+json\" class=\"yoast-schema-graph\">{\"@context\":\"https:\/\/schema.org\",\"@graph\":[{\"@type\":\"WebPage\",\"@id\":\"https:\/\/nettbutikk.kreftforeningen.no\/stottespiller\/retningslinjer-for-bruk-av-stottespilleremblem-2021\/\",\"url\":\"https:\/\/nettbutikk.kreftforeningen.no\/stottespiller\/retningslinjer-for-bruk-av-stottespilleremblem-2021\/\",\"name\":\"Retningslinjer for bruk av st\u00f8ttespillerlogo 2021 - Bli forskningsfadder for Kreftforeningen\",\"isPartOf\":{\"@id\":\"https:\/\/nettbutikk.kreftforeningen.no\/stottespiller\/#website\"},\"datePublished\":\"2021-01-28T23:00:00+00:00\",\"dateModified\":\"2021-02-09T14:19:54+00:00\",\"breadcrumb\":{\"@id\":\"https:\/\/nettbutikk.kreftforeningen.no\/stottespiller\/retningslinjer-for-bruk-av-stottespilleremblem-2021\/#breadcrumb\"},\"inLanguage\":\"nb-NO\",\"potentialAction\":[{\"@type\":\"ReadAction\",\"target\":[\"https:\/\/nettbutikk.kreftforeningen.no\/stottespiller\/retningslinjer-for-bruk-av-stottespilleremblem-2021\/\"]}]},{\"@type\":\"BreadcrumbList\",\"@id\":\"https:\/\/nettbutikk.kreftforeningen.no\/stottespiller\/retningslinjer-for-bruk-av-stottespilleremblem-2021\/#breadcrumb\",\"itemListElement\":[{\"@type\":\"ListItem\",\"position\":1,\"name\":\"Home\",\"item\":\"https:\/\/nettbutikk.kreftforeningen.no\/stottespiller\/\"},{\"@type\":\"ListItem\",\"position\":2,\"name\":\"Retningslinjer for bruk av st\u00f8ttespillerlogo 2021\"}]},{\"@type\":\"WebSite\",\"@id\":\"https:\/\/nettbutikk.kreftforeningen.no\/stottespiller\/#website\",\"url\":\"https:\/\/nettbutikk.kreftforeningen.no\/stottespiller\/\",\"name\":\"Bli forskningsfadder for Kreftforeningen\",\"description\":\"\",\"publisher\":{\"@id\":\"https:\/\/nettbutikk.kreftforeningen.no\/stottespiller\/#organization\"},\"potentialAction\":[{\"@type\":\"SearchAction\",\"target\":{\"@type\":\"EntryPoint\",\"urlTemplate\":\"https:\/\/nettbutikk.kreftforeningen.no\/stottespiller\/?s={search_term_string}\"},\"query-input\":{\"@type\":\"PropertyValueSpecification\",\"valueRequired\":true,\"valueName\":\"search_term_string\"}}],\"inLanguage\":\"nb-NO\"},{\"@type\":\"Organization\",\"@id\":\"https:\/\/nettbutikk.kreftforeningen.no\/stottespiller\/#organization\",\"name\":\"Kreftforeningen\",\"url\":\"https:\/\/nettbutikk.kreftforeningen.no\/stottespiller\/\",\"logo\":{\"@type\":\"ImageObject\",\"inLanguage\":\"nb-NO\",\"@id\":\"https:\/\/nettbutikk.kreftforeningen.no\/stottespiller\/#\/schema\/logo\/image\/\",\"url\":\"https:\/\/nettbutikk.kreftforeningen.no\/stottespiller\/files\/2021\/09\/Kreftforeningen-Logo.svg\",\"contentUrl\":\"https:\/\/nettbutikk.kreftforeningen.no\/stottespiller\/files\/2021\/09\/Kreftforeningen-Logo.svg\",\"caption\":\"Kreftforeningen\"},\"image\":{\"@id\":\"https:\/\/nettbutikk.kreftforeningen.no\/stottespiller\/#\/schema\/logo\/image\/\"}}]}<\/script>\n<!-- \/ Yoast SEO Premium plugin. -->","yoast_head_json":{"title":"Retningslinjer for bruk av st\u00f8ttespillerlogo 2021 - Bli forskningsfadder for Kreftforeningen","robots":{"index":"index","follow":"follow","max-snippet":"max-snippet:-1","max-image-preview":"max-image-preview:large","max-video-preview":"max-video-preview:-1"},"canonical":"https:\/\/nettbutikk.kreftforeningen.no\/stottespiller\/retningslinjer-for-bruk-av-stottespilleremblem-2021\/","og_locale":"nb_NO","og_type":"article","og_title":"Retningslinjer for bruk av st\u00f8ttespillerlogo 2021","og_description":"Kreftforeningen er en frivillig organisasjon som baserer sitt arbeid p\u00e5 gaver og innsamlede midler. Vi setter stor pris p\u00e5 det initiativet dere har vist. Kreftforeningens logo og ordmerket \u00abKreftforeningen\u00bb er varemerkeregistret og eies av Kreftforeningen. Dette gjelder ogs\u00e5 andre logoer tilknyttet Kreftforeningen. V\u00e5rt omd\u00f8mme er den viktigste verdien vi har n\u00e5r vi ber om st\u00f8tte. [&hellip;]","og_url":"https:\/\/nettbutikk.kreftforeningen.no\/stottespiller\/retningslinjer-for-bruk-av-stottespilleremblem-2021\/","og_site_name":"Bli forskningsfadder for Kreftforeningen","article_modified_time":"2021-02-09T14:19:54+00:00","twitter_card":"summary_large_image","twitter_misc":{"Ansl. lesetid":"1 minutt"},"schema":{"@context":"https:\/\/schema.org","@graph":[{"@type":"WebPage","@id":"https:\/\/nettbutikk.kreftforeningen.no\/stottespiller\/retningslinjer-for-bruk-av-stottespilleremblem-2021\/","url":"https:\/\/nettbutikk.kreftforeningen.no\/stottespiller\/retningslinjer-for-bruk-av-stottespilleremblem-2021\/","name":"Retningslinjer for bruk av st\u00f8ttespillerlogo 2021 - Bli forskningsfadder for Kreftforeningen","isPartOf":{"@id":"https:\/\/nettbutikk.kreftforeningen.no\/stottespiller\/#website"},"datePublished":"2021-01-28T23:00:00+00:00","dateModified":"2021-02-09T14:19:54+00:00","breadcrumb":{"@id":"https:\/\/nettbutikk.kreftforeningen.no\/stottespiller\/retningslinjer-for-bruk-av-stottespilleremblem-2021\/#breadcrumb"},"inLanguage":"nb-NO","potentialAction":[{"@type":"ReadAction","target":["https:\/\/nettbutikk.kreftforeningen.no\/stottespiller\/retningslinjer-for-bruk-av-stottespilleremblem-2021\/"]}]},{"@type":"BreadcrumbList","@id":"https:\/\/nettbutikk.kreftforeningen.no\/stottespiller\/retningslinjer-for-bruk-av-stottespilleremblem-2021\/#breadcrumb","itemListElement":[{"@type":"ListItem","position":1,"name":"Home","item":"https:\/\/nettbutikk.kreftforeningen.no\/stottespiller\/"},{"@type":"ListItem","position":2,"name":"Retningslinjer for bruk av st\u00f8ttespillerlogo 2021"}]},{"@type":"WebSite","@id":"https:\/\/nettbutikk.kreftforeningen.no\/stottespiller\/#website","url":"https:\/\/nettbutikk.kreftforeningen.no\/stottespiller\/","name":"Bli forskningsfadder for Kreftforeningen","description":"","publisher":{"@id":"https:\/\/nettbutikk.kreftforeningen.no\/stottespiller\/#organization"},"potentialAction":[{"@type":"SearchAction","target":{"@type":"EntryPoint","urlTemplate":"https:\/\/nettbutikk.kreftforeningen.no\/stottespiller\/?s={search_term_string}"},"query-input":{"@type":"PropertyValueSpecification","valueRequired":true,"valueName":"search_term_string"}}],"inLanguage":"nb-NO"},{"@type":"Organization","@id":"https:\/\/nettbutikk.kreftforeningen.no\/stottespiller\/#organization","name":"Kreftforeningen","url":"https:\/\/nettbutikk.kreftforeningen.no\/stottespiller\/","logo":{"@type":"ImageObject","inLanguage":"nb-NO","@id":"https:\/\/nettbutikk.kreftforeningen.no\/stottespiller\/#\/schema\/logo\/image\/","url":"https:\/\/nettbutikk.kreftforeningen.no\/stottespiller\/files\/2021\/09\/Kreftforeningen-Logo.svg","contentUrl":"https:\/\/nettbutikk.kreftforeningen.no\/stottespiller\/files\/2021\/09\/Kreftforeningen-Logo.svg","caption":"Kreftforeningen"},"image":{"@id":"https:\/\/nettbutikk.kreftforeningen.no\/stottespiller\/#\/schema\/logo\/image\/"}}]}},"_links":{"self":[{"href":"https:\/\/nettbutikk.kreftforeningen.no\/stottespiller\/wp-json\/wp\/v2\/pages\/20","targetHints":{"allow":["GET"]}}],"collection":[{"href":"https:\/\/nettbutikk.kreftforeningen.no\/stottespiller\/wp-json\/wp\/v2\/pages"}],"about":[{"href":"https:\/\/nettbutikk.kreftforeningen.no\/stottespiller\/wp-json\/wp\/v2\/types\/page"}],"author":[{"embeddable":true,"href":"https:\/\/nettbutikk.kreftforeningen.no\/stottespiller\/wp-json\/wp\/v2\/users\/118"}],"replies":[{"embeddable":true,"href":"https:\/\/nettbutikk.kreftforeningen.no\/stottespiller\/wp-json\/wp\/v2\/comments?post=20"}],"version-history":[{"count":3,"href":"https:\/\/nettbutikk.kreftforeningen.no\/stottespiller\/wp-json\/wp\/v2\/pages\/20\/revisions"}],"predecessor-version":[{"id":85,"href":"https:\/\/nettbutikk.kreftforeningen.no\/stottespiller\/wp-json\/wp\/v2\/pages\/20\/revisions\/85"}],"wp:attachment":[{"href":"https:\/\/nettbutikk.kreftforeningen.no\/stottespiller\/wp-json\/wp\/v2\/media?parent=20"}],"curies":[{"name":"wp","href":"https:\/\/api.w.org\/{rel}","templated":true}]}}